{"id":575,"date":"2022-06-04T07:18:41","date_gmt":"2022-06-04T07:18:41","guid":{"rendered":"https:\/\/navifruit.com.vn\/?page_id=575"},"modified":"2022-09-29T05:06:04","modified_gmt":"2022-09-29T05:06:04","slug":"lien-he","status":"publish","type":"page","link":"https:\/\/navifruit.com.vn\/en\/lien-he\/","title":{"rendered":"Li\u00ean h\u1ec7"},"content":{"rendered":"<section class=\"section\" id=\"section_693959061\">\n\t\t<div class=\"bg section-bg fill bg-fill bg-loaded bg-loaded\" >\n\n\t\t\t\n\t\t\t\n\t\t\t\n\n\t\t<\/div>\n\n\t\t\n\n\t\t<div class=\"section-content relative\">\n\t\t\t\n<div class=\"row\"  id=\"row-41289977\">\n\n\t<div id=\"col-411914752\" class=\"col small-12 large-12\"  >\n\t\t\t\t<div class=\"col-inner\"  >\n\t\t\t\n\t\t\t\n<h3 class=\"uppercase\" style=\"text-align: center;\"><strong><img loading=\"lazy\" decoding=\"async\" class=\"alignnone size-full wp-image-1142\" src=\"https:\/\/navifruit.com.vn\/wp-content\/uploads\/2022\/07\/dot_title.png\" alt=\"\" width=\"20\" height=\"10\" \/> <span style=\"font-size: 150%;\">LI\u00caN H\u1ec6 <\/span><\/strong><strong><img loading=\"lazy\" decoding=\"async\" class=\"alignnone size-full wp-image-1142\" src=\"https:\/\/navifruit.com.vn\/wp-content\/uploads\/2022\/07\/dot_title.png\" alt=\"\" width=\"20\" height=\"10\" \/><\/strong><\/h3>\n\t\t<\/div>\n\t\t\t\t\t<\/div>\n\n\t\n<\/div>\n<div class=\"row\"  id=\"row-1255020372\">\n\n\t<div id=\"col-1408957380\" class=\"col medium-5 small-12 large-5\"  >\n\t\t\t\t<div class=\"col-inner\"  >\n\t\t\t\n\t\t\t\n<h2>NAVI FRUIT<\/h2>\n<p><strong><span style=\"color: #008000;\">Add:<\/span><\/strong> S\u1ed1 83 T\u00e0 L\u00fa &#8211; Xu\u00e2n H\u01b0ng &#8211; Xu\u00e2n L\u1ed9c &#8211; \u0110\u1ed3ng Nai<br \/><strong><span style=\"color: #008000;\">Hotline:<\/span><\/strong> 0933.528.718 &#8211; 079.279.6438<br \/><strong><span style=\"color: #008000;\">Email:<\/span><\/strong> navifruit@gmail.com<br \/><span style=\"color: #008000;\"><strong>Fanpage:<\/strong><\/span> https:\/\/www.facebook.com\/chotraicaylongkhanh\/<br \/><span style=\"color: #008000;\"><strong>Website:<\/strong><\/span> https:\/\/navifruit.com.vn<br \/><span style=\"font-size: 120%; color: #ed1c24;\">Vui l\u00f2ng \u0111\u1ec3 l\u1ea1i s\u1ed1 \u0111i\u1ec7n tho\u1ea1i v\u00e0 l\u1eddi nh\u1eafn, ch\u00fang t\u00f4i s\u1ebd tr\u1ea3 l\u1eddi trong th\u1eddi gian s\u1edbm nh\u1ea5t c\u00f3 th\u1ec3.<\/span><\/p>\n<div role=\"form\" class=\"wpcf7\" id=\"wpcf7-f724-o2\" lang=\"vi\" dir=\"ltr\">\n<div class=\"screen-reader-response\"><p role=\"status\" aria-live=\"polite\" aria-atomic=\"true\"><\/p> <ul><\/ul><\/div>\n<form action=\"\/en\/wp-json\/wp\/v2\/pages\/575#wpcf7-f724-o2\" method=\"post\" class=\"wpcf7-form init\" novalidate=\"novalidate\" data-status=\"init\">\n<div style=\"display: none;\">\n<input type=\"hidden\" name=\"_wpcf7\" value=\"724\" \/>\n<input type=\"hidden\" name=\"_wpcf7_version\" value=\"5.6\" \/>\n<input type=\"hidden\" name=\"_wpcf7_locale\" value=\"vi\" \/>\n<input type=\"hidden\" name=\"_wpcf7_unit_tag\" value=\"wpcf7-f724-o2\" \/>\n<input type=\"hidden\" name=\"_wpcf7_container_post\" value=\"0\" \/>\n<input type=\"hidden\" name=\"_wpcf7_posted_data_hash\" value=\"\" \/>\n<\/div>\n<p><span class=\"wpcf7-form-control-wrap\" data-name=\"text-51\"><input type=\"text\" name=\"text-51\" value=\"\" size=\"40\" class=\"wpcf7-form-control wpcf7-text\" aria-invalid=\"false\" placeholder=\"H\u1ecd v\u00e0 t\u00ean\" \/><\/span><br \/>\n<span class=\"wpcf7-form-control-wrap\" data-name=\"tel-962\"><input type=\"tel\" name=\"tel-962\" value=\"\" size=\"40\" class=\"wpcf7-form-control wpcf7-text wpcf7-tel wpcf7-validates-as-tel\" aria-invalid=\"false\" placeholder=\"S\u1ed1 \u0111i\u1ec7n tho\u1ea1i\" \/><\/span><br \/>\n<span class=\"wpcf7-form-control-wrap\" data-name=\"text-52\"><input type=\"text\" name=\"text-52\" value=\"\" size=\"40\" class=\"wpcf7-form-control wpcf7-text\" aria-invalid=\"false\" placeholder=\"\u0110\u1ecba ch\u1ec9\" \/><\/span><br \/>\n<span class=\"wpcf7-form-control-wrap\" data-name=\"textarea-591\"><textarea name=\"textarea-591\" cols=\"40\" rows=\"10\" class=\"wpcf7-form-control wpcf7-textarea\" aria-invalid=\"false\" placeholder=\"Y\u00eau c\u1ea7u\"><\/textarea><\/span><br \/>\n<input type=\"submit\" value=\"G\u1eedi y\u00eau c\u1ea7u\" class=\"wpcf7-form-control has-spinner wpcf7-submit\" \/><\/p>\n<div class=\"wpcf7-response-output\" aria-hidden=\"true\"><\/div><\/form><\/div>\n\t\t<\/div>\n\t\t\t\t\t<\/div>\n\n\t\n\n\t<div id=\"col-1545460458\" class=\"col medium-7 small-12 large-7\"  >\n\t\t\t\t<div class=\"col-inner\"  >\n\t\t\t\n\t\t\t\n<p><iframe src=\"https:\/\/www.google.com\/maps\/embed?pb=!1m18!1m12!1m3!1d979.6532710857741!2d107.4979413!3d10.8408929!2m3!1f0!2f0!3f0!3m2!1i1024!2i768!4f13.1!3m3!1m2!1s0x31744dc9fc859b1f%3A0xd7d38104a1d3c16b!2zVuG7sWEgVHLDoWkgQ8OieSBOaMOibiBWaQ!5e0!3m2!1sen!2s!4v1655956473779!5m2!1sen!2s\" width=\"600%\" height=\"550\" style=\"border:0;\" allowfullscreen=\"\" loading=\"lazy\" referrerpolicy=\"no-referrer-when-downgrade\"><\/iframe><\/p>\n\t\t<\/div>\n\t\t\t\t\n<style>\n#col-1545460458 > .col-inner {\n  padding: 0px 0px 0px 0px;\n}\n@media (min-width:550px) {\n  #col-1545460458 > .col-inner {\n    padding: 0px 0px 0px 23px;\n  }\n}\n<\/style>\n\t<\/div>\n\n\t\n<\/div>\n\t\t<\/div>\n\n\t\t\n<style>\n#section_693959061 {\n  padding-top: 30px;\n  padding-bottom: 30px;\n}\n#section_693959061 .ux-shape-divider--top svg {\n  height: 150px;\n  --divider-top-width: 100%;\n}\n#section_693959061 .ux-shape-divider--bottom svg {\n  height: 150px;\n  --divider-width: 100%;\n}\n<\/style>\n\t<\/section>","protected":false},"excerpt":{"rendered":"","protected":false},"author":1,"featured_media":0,"parent":0,"menu_order":0,"comment_status":"closed","ping_status":"closed","template":"page-blank.php","meta":{"footnotes":""},"class_list":["post-575","page","type-page","status-publish","hentry"],"acf":[],"_links":{"self":[{"href":"https:\/\/navifruit.com.vn\/en\/wp-json\/wp\/v2\/pages\/575","targetHints":{"allow":["GET"]}}],"collection":[{"href":"https:\/\/navifruit.com.vn\/en\/wp-json\/wp\/v2\/pages"}],"about":[{"href":"https:\/\/navifruit.com.vn\/en\/wp-json\/wp\/v2\/types\/page"}],"author":[{"embeddable":true,"href":"https:\/\/navifruit.com.vn\/en\/wp-json\/wp\/v2\/users\/1"}],"replies":[{"embeddable":true,"href":"https:\/\/navifruit.com.vn\/en\/wp-json\/wp\/v2\/comments?post=575"}],"version-history":[{"count":1,"href":"https:\/\/navifruit.com.vn\/en\/wp-json\/wp\/v2\/pages\/575\/revisions"}],"predecessor-version":[{"id":2266,"href":"https:\/\/navifruit.com.vn\/en\/wp-json\/wp\/v2\/pages\/575\/revisions\/2266"}],"wp:attachment":[{"href":"https:\/\/navifruit.com.vn\/en\/wp-json\/wp\/v2\/media?parent=575"}],"curies":[{"name":"wp","href":"https:\/\/api.w.org\/{rel}","templated":true}]}}